{"id":116,"date":"2023-09-13T10:56:58","date_gmt":"2023-09-13T10:56:58","guid":{"rendered":"https:\/\/www.centrodeportivoaitornieto.com\/?page_id=116"},"modified":"2023-09-13T10:56:59","modified_gmt":"2023-09-13T10:56:59","slug":"politica-de-cookies","status":"publish","type":"page","link":"https:\/\/www.centrodeportivoaitornieto.com\/index.php\/politica-de-cookies\/","title":{"rendered":"Pol\u00edtica de Cookies"},"content":{"rendered":"\n<p><strong>Centro Deportivo Aitor Nieto S.L.<\/strong> \u00a0por su propia cuenta o la de un tercero contratado para prestaci\u00f3n de servicios de medici\u00f3n, pueden utilizar cookies cuando el usuario navega por el sitio web. Las cookies son ficheros enviados al navegador por medio de un servicio web con la finalidad de registrar las actividades del usuario durante su tiempo de navegaci\u00f3n. Las cookies utilizadas se asocian \u00fanicamente con un usuario an\u00f3nimo y su ordenador, y no proporcionan por s\u00ed mismas los datos personales del usuario. Mediante el uso de las cookies resulta posible que el servidor donde se encuentra la web reconozca el navegador web utilizado por el usuario con la finalidad de que la navegaci\u00f3n sea m\u00e1s sencilla. Se utilizan tambi\u00e9n para medir la audiencia y par\u00e1metros del tr\u00e1fico, controlar el proceso y n\u00famero de entradas. El usuario tiene la posibilidad de configurar su navegador para ser avisado de la recepci\u00f3n de cookies y para impedir su instalaci\u00f3n en su equipo. Por favor consulte las instrucciones y manuales de su navegador para ampliar esta informaci\u00f3n. Para utilizar el sitio web no es necesario que el usuario permita la instalaci\u00f3n de las cookies enviadas al sitio web, o el tercero que act\u00fae en su nombre, sin perjuicio de que sea necesario que el usuario inicie una sesi\u00f3n tal en cada uno de los servicios cuya prestaci\u00f3n requiera el previo registro. En todo caso las cookies tienen un car\u00e1cter temporal con la \u00fanica finalidad de hacer m\u00e1s eficaz su transmisi\u00f3n ulterior. En ning\u00fan caso se utilizar\u00e1 cookies para recoger informaci\u00f3n de car\u00e1cter personal.<\/p>\n\n\n\n<p>Seg\u00fan lo dispuesto en el art\u00edculo 22.2 de la Ley 34\/2002, de 11 de julio, de Servicios de la Sociedad de la Informaci\u00f3n y de Comercio Electr\u00f3nico (LSSI-CE),\u00a0<strong><strong>Centro Deportivo Aitor Nieto S.L.<\/strong> <\/strong>\u00a0informa de las cookies utilizadas en nuestro website:<strong>COOKIES PROPIAS<\/strong><\/p>\n\n\n\n<p>Al navegar por este portal web el usuario est\u00e1 aceptando que se puedan instalar &#8216;cookies&#8217; en su terminal y que nos permiten conocer la siguiente informaci\u00f3n:<\/p>\n\n\n\n<ul class=\"wp-block-list\">\n<li>Informaci\u00f3n estad\u00edstica del uso de la web.<\/li>\n\n\n\n<li>El &#8216;login&#8217; del usuario para mantener la sesi\u00f3n activa en la web.<\/li>\n\n\n\n<li>El formato de la web preferente en el acceso desde dispositivos m\u00f3viles.<\/li>\n\n\n\n<li>Las \u00faltimas b\u00fasquedas realizadas en los servicios de la web y datos de personalizaci\u00f3n de estos servicios.<\/li>\n\n\n\n<li>Informaci\u00f3n sobre los anuncios que se muestran al usuario.<\/li>\n\n\n\n<li>Informaci\u00f3n de las encuestas en las que ha participado el usuario.<\/li>\n\n\n\n<li>Datos de la conexi\u00f3n con las redes sociales para los usuarios que acceden con su usuario de Facebook o Twitter.<\/li>\n<\/ul>\n\n\n\n<p><strong>COOKIES DE TERCEROS<\/strong><\/p>\n\n\n\n<p>Google Analytics: Almacena cookies para poder elaborar estad\u00edsticas sobre el tr\u00e1fico de la web. Al utilizar este sitio web est\u00e1 consintiendo el tratamiento de informaci\u00f3n acerca de usted por Google. Por tanto, el ejercicio de cualquier derecho en este sentido deber\u00e1 hacerlo comunicando directamente con Google. La pol\u00edtica de cookies establecida para Analytics por Google se puede consultar en este enlace: www.google.es\/intl\/es\/analytics\/privacyoverview.html.<\/p>\n\n\n\n<p>Estas cookies de Google Analytics generan un ID de usuario an\u00f3nimo, que es el que se utiliza para hacer recuento de cuantas veces visita el sitio un usuario. Tambi\u00e9n registra cuando fue la primera y la \u00faltima vez que visit\u00f3 la web. Asimismo, calcula cuando se ha terminado una sesi\u00f3n, origen del usuario, y keywords (palabras clave):<\/p>\n\n\n\n<ul class=\"wp-block-list\">\n<li>_utma \u2013 Caducidad: 2 a\u00f1os<\/li>\n\n\n\n<li>_utmb \u2013 Caducidad: Sesi\u00f3n<\/li>\n\n\n\n<li>_utmc \u2013 Caducidad: Sesi\u00f3n<\/li>\n\n\n\n<li>_utmz \u2013 Caducidad: 6 meses<\/li>\n<\/ul>\n\n\n\n<p>Adem\u00e1s de Analytics tambi\u00e9n usamos otras cookies de Google (IDE, NID, _ga, _gid) para este tipo de anal\u00edticas, y esta es su&nbsp;<a href=\"https:\/\/policies.google.com\/technologies\/cookies?hl=es\">pol\u00edtica.<\/a><\/p>\n\n\n\n<p>La p\u00e1gina web utiliza tambi\u00e9n cookies para saber si funcionan nuestros anuncios y si el cliente llega a la p\u00e1gina a trav\u00e9s de ellos. Utilizamos cookies de Facebook (_fbp), cuya pol\u00edtica de cookies y privacidad pod\u00e9is consultar&nbsp;<a href=\"https:\/\/www.facebook.com\/policies\/cookies\/\">aqu\u00ed<\/a>. Y tambi\u00e9n usamos cookies de Adform (uid,CM14, C, _gcl_au, CM), cuya pol\u00edtica de cookies es&nbsp;<a href=\"https:\/\/site.adform.com\/privacy-center\/adform-cookies\/\">la siguiente<\/a>.<strong>C\u00d3MO DESACTIVAR Y\/O ELIMINAR LAS COOKIES EN DIFERENTES NAVEGADORES<\/strong><\/p>\n\n\n\n<p>Si lo desea puede configurar su navegador para ser avisado en pantalla de la recepci\u00f3n de cookies y para impedir la instalaci\u00f3n de cookies en su disco duro. No obstante, si selecciona esta configuraci\u00f3n, quiz\u00e1s no pueda acceder a determinadas partes del Sitio Web o no pueda aprovecharse de alguno de los servicios. A menos que haya ajustado la configuraci\u00f3n de su navegador de forma que rechace cookies, nuestro sistema producir\u00e1 cookies cuando se conecte a nuestro sitio. Por favor, consulte las instrucciones y manuales de su navegador para ampliar esta informaci\u00f3n. El visitante puede decidir si acepta o rechaza las cookies seleccionando la configuraci\u00f3n adecuada a tal efecto en el men\u00fa de opciones de su navegador. Generalmente las posibilidades son:<\/p>\n\n\n\n<ul class=\"wp-block-list\">\n<li>Aceptar todas las cookies, tanto del sitio como de terceros.<\/li>\n\n\n\n<li>Aceptar solo cookies del sitio.<\/li>\n\n\n\n<li>Rechazar todas las cookies.<\/li>\n\n\n\n<li>Dependiendo del navegador se puede tambi\u00e9n aceptar o rechazar cookies solo de determinados sitios web, o tambi\u00e9n programar el borrado de cookies al terminar la sesi\u00f3n.<\/li>\n\n\n\n<li>La mayor\u00eda de navegadores permiten desactivar completamente las cookies. Los navegadores tambi\u00e9n permiten borrar las cookies creadas por una web espec\u00edfica.<\/li>\n<\/ul>\n","protected":false},"excerpt":{"rendered":"<p>Centro Deportivo Aitor Nieto S.L. \u00a0por su propia cuenta o la de un tercero contratado para prestaci\u00f3n de servicios de medici\u00f3n, pueden utilizar cookies cuando el usuario navega por el sitio web. Las cookies son ficheros enviados al navegador por medio de un servicio web con la finalidad de registrar las actividades del usuario durante [&hellip;]<\/p>\n","protected":false},"author":1,"featured_media":0,"parent":0,"menu_order":0,"comment_status":"closed","ping_status":"closed","template":"","meta":{"_et_pb_use_builder":"off","_et_pb_old_content":"","_et_gb_content_width":"","footnotes":""},"class_list":["post-116","page","type-page","status-publish","hentry"],"_links":{"self":[{"href":"https:\/\/www.centrodeportivoaitornieto.com\/index.php\/wp-json\/wp\/v2\/pages\/116","targetHints":{"allow":["GET"]}}],"collection":[{"href":"https:\/\/www.centrodeportivoaitornieto.com\/index.php\/wp-json\/wp\/v2\/pages"}],"about":[{"href":"https:\/\/www.centrodeportivoaitornieto.com\/index.php\/wp-json\/wp\/v2\/types\/page"}],"author":[{"embeddable":true,"href":"https:\/\/www.centrodeportivoaitornieto.com\/index.php\/wp-json\/wp\/v2\/users\/1"}],"replies":[{"embeddable":true,"href":"https:\/\/www.centrodeportivoaitornieto.com\/index.php\/wp-json\/wp\/v2\/comments?post=116"}],"version-history":[{"count":1,"href":"https:\/\/www.centrodeportivoaitornieto.com\/index.php\/wp-json\/wp\/v2\/pages\/116\/revisions"}],"predecessor-version":[{"id":117,"href":"https:\/\/www.centrodeportivoaitornieto.com\/index.php\/wp-json\/wp\/v2\/pages\/116\/revisions\/117"}],"wp:attachment":[{"href":"https:\/\/www.centrodeportivoaitornieto.com\/index.php\/wp-json\/wp\/v2\/media?parent=116"}],"curies":[{"name":"wp","href":"https:\/\/api.w.org\/{rel}","templated":true}]}}